{"id":14555,"date":"2023-03-14T13:24:36","date_gmt":"2023-03-14T12:24:36","guid":{"rendered":"https:\/\/hawema-haller.de\/%e6%88%91%e4%bb%ac%e7%83%ad%e8%a1%b7%e4%ba%8e%e6%97%a0%e9%99%90%e6%8e%a2%e7%b4%a2%e6%9b%b4%e9%ab%98%e7%9a%84%e7%b2%be%e5%ba%a6\/"},"modified":"2023-11-16T10:17:08","modified_gmt":"2023-11-16T09:17:08","slug":"%e6%88%91%e4%bb%ac%e7%83%ad%e8%a1%b7%e4%ba%8e%e6%97%a0%e9%99%90%e6%8e%a2%e7%b4%a2%e6%9b%b4%e9%ab%98%e7%9a%84%e7%b2%be%e5%ba%a6","status":"publish","type":"page","link":"https:\/\/hawema-haller.de\/zh-hans\/%e6%88%91%e4%bb%ac%e7%83%ad%e8%a1%b7%e4%ba%8e%e6%97%a0%e9%99%90%e6%8e%a2%e7%b4%a2%e6%9b%b4%e9%ab%98%e7%9a%84%e7%b2%be%e5%ba%a6\/","title":{"rendered":"\u6211\u4eec\u70ed\u8877\u4e8e\u65e0\u9650\u63a2\u7d22\u66f4\u9ad8\u7684\u7cbe\u5ea6"},"content":{"rendered":"\t\t<div data-elementor-type=\"wp-page\" data-elementor-id=\"14555\" class=\"elementor elementor-14555 elementor-12927\">\n\t\t\t\t\t\t<section class=\"elementor-section elementor-top-section elementor-element elementor-element-25b9ce5 elementor-section-boxed elementor-section-height-default elementor-section-height-default mkdf-parallax-row-no mkdf-content-aligment-left mkdf-elementor-row-grid-no mkdf-disabled-bg-image-bellow-no mkdf-row-btt-light\" data-id=\"25b9ce5\" data-element_type=\"section\" data-e-type=\"section\">\n\t\t\t\t\t\t<div class=\"elementor-container elementor-column-gap-wider\">\n\t\t\t\t\t<div class=\"elementor-column elementor-col-50 elementor-top-column elementor-element elementor-element-08dec74\" data-id=\"08dec74\" data-element_type=\"column\" data-e-type=\"column\">\n\t\t\t<div class=\"elementor-widget-wrap elementor-element-populated\">\n\t\t\t\t\t\t<div class=\"elementor-element elementor-element-3536be3 elementor-widget elementor-widget-text-editor\" data-id=\"3536be3\" data-element_type=\"widget\" data-e-type=\"widget\" data-widget_type=\"text-editor.default\">\n\t\t\t\t<div class=\"elementor-widget-container\">\n\t\t\t\t\t\t\t\t\t<p>Pr\u00e4zision steht f\u00fcr Genauigkeit, Zuverl\u00e4ssigkeit und Qualit\u00e4t auf h\u00f6chstem Niveau. Das sind wir, die HAWEMA GmbH. Die Freude, mit der wir mutig neue Herausforderungen annehmen, soll unsere Kunden begeistern. All das erreichen wir nur mit den Menschen, die in unserem Unternehmen t\u00e4tig sind und unsere Leidenschaft teilen.<\/p>\t\t\t\t\t\t\t\t<\/div>\n\t\t\t\t<\/div>\n\t\t\t\t\t<\/div>\n\t\t<\/div>\n\t\t\t\t<div class=\"elementor-column elementor-col-50 elementor-top-column elementor-element elementor-element-1f70344\" data-id=\"1f70344\" data-element_type=\"column\" data-e-type=\"column\">\n\t\t\t<div class=\"elementor-widget-wrap elementor-element-populated\">\n\t\t\t\t\t\t<div class=\"elementor-element elementor-element-cf42bfc elementor-widget elementor-widget-text-editor\" data-id=\"cf42bfc\" data-element_type=\"widget\" data-e-type=\"widget\" data-widget_type=\"text-editor.default\">\n\t\t\t\t<div class=\"elementor-widget-container\">\n\t\t\t\t\t\t\t\t\t<p>Mit Engagement, Fachwissen und Freude setzen sie sich t\u00e4glich ein und tragen ma\u00dfgeblich zum Erfolg und der Erreichung unserer Unternehmensziele bei.<\/p>\t\t\t\t\t\t\t\t<\/div>\n\t\t\t\t<\/div>\n\t\t\t\t\t<\/div>\n\t\t<\/div>\n\t\t\t\t\t<\/div>\n\t\t<\/section>\n\t\t\t\t<\/div>\n\t\t","protected":false},"excerpt":{"rendered":"<p>Pr\u00e4zision steht f\u00fcr Genauigkeit, Zuverl\u00e4 [&hellip;]<\/p>\n","protected":false},"author":1,"featured_media":0,"parent":0,"menu_order":0,"comment_status":"closed","ping_status":"closed","template":"","meta":{"rs_blank_template":"","rs_page_bg_color":"","slide_template_v7":"","footnotes":""},"class_list":["post-14555","page","type-page","status-publish","hentry"],"yoast_head":"<!-- This site is optimized with the Yoast SEO plugin v27.4 - https:\/\/yoast.com\/product\/yoast-seo-wordpress\/ -->\n<title>\u6211\u4eec\u70ed\u8877\u4e8e\u65e0\u9650\u63a2\u7d22\u66f4\u9ad8\u7684\u7cbe\u5ea6 - Hawema Werkzeugschleifmaschinen GmbH<\/title>\n<meta name=\"robots\" content=\"index, follow, max-snippet:-1, max-image-preview:large, max-video-preview:-1\" \/>\n<link rel=\"canonical\" href=\"https:\/\/hawema-haller.de\/zh-hans\/\u6211\u4eec\u70ed\u8877\u4e8e\u65e0\u9650\u63a2\u7d22\u66f4\u9ad8\u7684\u7cbe\u5ea6\/\" \/>\n<meta property=\"og:locale\" content=\"zh_CN\" \/>\n<meta property=\"og:type\" content=\"article\" \/>\n<meta property=\"og:title\" content=\"\u6211\u4eec\u70ed\u8877\u4e8e\u65e0\u9650\u63a2\u7d22\u66f4\u9ad8\u7684\u7cbe\u5ea6 - Hawema Werkzeugschleifmaschinen GmbH\" \/>\n<meta property=\"og:description\" content=\"Pr\u00e4zision steht f\u00fcr Genauigkeit, Zuverl\u00e4 [&hellip;]\" \/>\n<meta property=\"og:url\" content=\"https:\/\/hawema-haller.de\/zh-hans\/\u6211\u4eec\u70ed\u8877\u4e8e\u65e0\u9650\u63a2\u7d22\u66f4\u9ad8\u7684\u7cbe\u5ea6\/\" \/>\n<meta property=\"og:site_name\" content=\"Hawema Werkzeugschleifmaschinen GmbH\" \/>\n<meta property=\"article:modified_time\" content=\"2023-11-16T09:17:08+00:00\" \/>\n<meta name=\"twitter:card\" content=\"summary_large_image\" \/>\n<meta name=\"twitter:label1\" content=\"\u9884\u8ba1\u9605\u8bfb\u65f6\u95f4\" \/>\n\t<meta name=\"twitter:data1\" content=\"1 \u5206\" \/>\n<script type=\"application\/ld+json\" class=\"yoast-schema-graph\">{\"@context\":\"https:\\\/\\\/schema.org\",\"@graph\":[{\"@type\":\"WebPage\",\"@id\":\"https:\\\/\\\/hawema-haller.de\\\/zh-hans\\\/%e6%88%91%e4%bb%ac%e7%83%ad%e8%a1%b7%e4%ba%8e%e6%97%a0%e9%99%90%e6%8e%a2%e7%b4%a2%e6%9b%b4%e9%ab%98%e7%9a%84%e7%b2%be%e5%ba%a6\\\/\",\"url\":\"https:\\\/\\\/hawema-haller.de\\\/zh-hans\\\/%e6%88%91%e4%bb%ac%e7%83%ad%e8%a1%b7%e4%ba%8e%e6%97%a0%e9%99%90%e6%8e%a2%e7%b4%a2%e6%9b%b4%e9%ab%98%e7%9a%84%e7%b2%be%e5%ba%a6\\\/\",\"name\":\"\u6211\u4eec\u70ed\u8877\u4e8e\u65e0\u9650\u63a2\u7d22\u66f4\u9ad8\u7684\u7cbe\u5ea6 - Hawema Werkzeugschleifmaschinen GmbH\",\"isPartOf\":{\"@id\":\"https:\\\/\\\/hawema-haller.de\\\/#website\"},\"datePublished\":\"2023-03-14T12:24:36+00:00\",\"dateModified\":\"2023-11-16T09:17:08+00:00\",\"breadcrumb\":{\"@id\":\"https:\\\/\\\/hawema-haller.de\\\/zh-hans\\\/%e6%88%91%e4%bb%ac%e7%83%ad%e8%a1%b7%e4%ba%8e%e6%97%a0%e9%99%90%e6%8e%a2%e7%b4%a2%e6%9b%b4%e9%ab%98%e7%9a%84%e7%b2%be%e5%ba%a6\\\/#breadcrumb\"},\"inLanguage\":\"zh-Hans\",\"potentialAction\":[{\"@type\":\"ReadAction\",\"target\":[\"https:\\\/\\\/hawema-haller.de\\\/zh-hans\\\/%e6%88%91%e4%bb%ac%e7%83%ad%e8%a1%b7%e4%ba%8e%e6%97%a0%e9%99%90%e6%8e%a2%e7%b4%a2%e6%9b%b4%e9%ab%98%e7%9a%84%e7%b2%be%e5%ba%a6\\\/\"]}]},{\"@type\":\"BreadcrumbList\",\"@id\":\"https:\\\/\\\/hawema-haller.de\\\/zh-hans\\\/%e6%88%91%e4%bb%ac%e7%83%ad%e8%a1%b7%e4%ba%8e%e6%97%a0%e9%99%90%e6%8e%a2%e7%b4%a2%e6%9b%b4%e9%ab%98%e7%9a%84%e7%b2%be%e5%ba%a6\\\/#breadcrumb\",\"itemListElement\":[{\"@type\":\"ListItem\",\"position\":1,\"name\":\"Startseite\",\"item\":\"https:\\\/\\\/hawema-haller.de\\\/zh-hans\\\/\"},{\"@type\":\"ListItem\",\"position\":2,\"name\":\"\u6211\u4eec\u70ed\u8877\u4e8e\u65e0\u9650\u63a2\u7d22\u66f4\u9ad8\u7684\u7cbe\u5ea6\"}]},{\"@type\":\"WebSite\",\"@id\":\"https:\\\/\\\/hawema-haller.de\\\/#website\",\"url\":\"https:\\\/\\\/hawema-haller.de\\\/\",\"name\":\"Hawema Werkzeugschleifmaschinen GmbH\",\"description\":\"\",\"publisher\":{\"@id\":\"https:\\\/\\\/hawema-haller.de\\\/#organization\"},\"potentialAction\":[{\"@type\":\"SearchAction\",\"target\":{\"@type\":\"EntryPoint\",\"urlTemplate\":\"https:\\\/\\\/hawema-haller.de\\\/?s={search_term_string}\"},\"query-input\":{\"@type\":\"PropertyValueSpecification\",\"valueRequired\":true,\"valueName\":\"search_term_string\"}}],\"inLanguage\":\"zh-Hans\"},{\"@type\":\"Organization\",\"@id\":\"https:\\\/\\\/hawema-haller.de\\\/#organization\",\"name\":\"Hawema Werkzeugschleifmaschinen GmbH\",\"url\":\"https:\\\/\\\/hawema-haller.de\\\/\",\"logo\":{\"@type\":\"ImageObject\",\"inLanguage\":\"zh-Hans\",\"@id\":\"https:\\\/\\\/hawema-haller.de\\\/#\\\/schema\\\/logo\\\/image\\\/\",\"url\":\"https:\\\/\\\/hawema-haller.de\\\/wp-content\\\/uploads\\\/2022\\\/12\\\/logo-footer.svg\",\"contentUrl\":\"https:\\\/\\\/hawema-haller.de\\\/wp-content\\\/uploads\\\/2022\\\/12\\\/logo-footer.svg\",\"width\":226,\"height\":212,\"caption\":\"Hawema Werkzeugschleifmaschinen GmbH\"},\"image\":{\"@id\":\"https:\\\/\\\/hawema-haller.de\\\/#\\\/schema\\\/logo\\\/image\\\/\"}}]}<\/script>\n<!-- \/ Yoast SEO plugin. -->","yoast_head_json":{"title":"\u6211\u4eec\u70ed\u8877\u4e8e\u65e0\u9650\u63a2\u7d22\u66f4\u9ad8\u7684\u7cbe\u5ea6 - Hawema Werkzeugschleifmaschinen GmbH","robots":{"index":"index","follow":"follow","max-snippet":"max-snippet:-1","max-image-preview":"max-image-preview:large","max-video-preview":"max-video-preview:-1"},"canonical":"https:\/\/hawema-haller.de\/zh-hans\/\u6211\u4eec\u70ed\u8877\u4e8e\u65e0\u9650\u63a2\u7d22\u66f4\u9ad8\u7684\u7cbe\u5ea6\/","og_locale":"zh_CN","og_type":"article","og_title":"\u6211\u4eec\u70ed\u8877\u4e8e\u65e0\u9650\u63a2\u7d22\u66f4\u9ad8\u7684\u7cbe\u5ea6 - Hawema Werkzeugschleifmaschinen GmbH","og_description":"Pr\u00e4zision steht f\u00fcr Genauigkeit, Zuverl\u00e4 [&hellip;]","og_url":"https:\/\/hawema-haller.de\/zh-hans\/\u6211\u4eec\u70ed\u8877\u4e8e\u65e0\u9650\u63a2\u7d22\u66f4\u9ad8\u7684\u7cbe\u5ea6\/","og_site_name":"Hawema Werkzeugschleifmaschinen GmbH","article_modified_time":"2023-11-16T09:17:08+00:00","twitter_card":"summary_large_image","twitter_misc":{"\u9884\u8ba1\u9605\u8bfb\u65f6\u95f4":"1 \u5206"},"schema":{"@context":"https:\/\/schema.org","@graph":[{"@type":"WebPage","@id":"https:\/\/hawema-haller.de\/zh-hans\/%e6%88%91%e4%bb%ac%e7%83%ad%e8%a1%b7%e4%ba%8e%e6%97%a0%e9%99%90%e6%8e%a2%e7%b4%a2%e6%9b%b4%e9%ab%98%e7%9a%84%e7%b2%be%e5%ba%a6\/","url":"https:\/\/hawema-haller.de\/zh-hans\/%e6%88%91%e4%bb%ac%e7%83%ad%e8%a1%b7%e4%ba%8e%e6%97%a0%e9%99%90%e6%8e%a2%e7%b4%a2%e6%9b%b4%e9%ab%98%e7%9a%84%e7%b2%be%e5%ba%a6\/","name":"\u6211\u4eec\u70ed\u8877\u4e8e\u65e0\u9650\u63a2\u7d22\u66f4\u9ad8\u7684\u7cbe\u5ea6 - Hawema Werkzeugschleifmaschinen GmbH","isPartOf":{"@id":"https:\/\/hawema-haller.de\/#website"},"datePublished":"2023-03-14T12:24:36+00:00","dateModified":"2023-11-16T09:17:08+00:00","breadcrumb":{"@id":"https:\/\/hawema-haller.de\/zh-hans\/%e6%88%91%e4%bb%ac%e7%83%ad%e8%a1%b7%e4%ba%8e%e6%97%a0%e9%99%90%e6%8e%a2%e7%b4%a2%e6%9b%b4%e9%ab%98%e7%9a%84%e7%b2%be%e5%ba%a6\/#breadcrumb"},"inLanguage":"zh-Hans","potentialAction":[{"@type":"ReadAction","target":["https:\/\/hawema-haller.de\/zh-hans\/%e6%88%91%e4%bb%ac%e7%83%ad%e8%a1%b7%e4%ba%8e%e6%97%a0%e9%99%90%e6%8e%a2%e7%b4%a2%e6%9b%b4%e9%ab%98%e7%9a%84%e7%b2%be%e5%ba%a6\/"]}]},{"@type":"BreadcrumbList","@id":"https:\/\/hawema-haller.de\/zh-hans\/%e6%88%91%e4%bb%ac%e7%83%ad%e8%a1%b7%e4%ba%8e%e6%97%a0%e9%99%90%e6%8e%a2%e7%b4%a2%e6%9b%b4%e9%ab%98%e7%9a%84%e7%b2%be%e5%ba%a6\/#breadcrumb","itemListElement":[{"@type":"ListItem","position":1,"name":"Startseite","item":"https:\/\/hawema-haller.de\/zh-hans\/"},{"@type":"ListItem","position":2,"name":"\u6211\u4eec\u70ed\u8877\u4e8e\u65e0\u9650\u63a2\u7d22\u66f4\u9ad8\u7684\u7cbe\u5ea6"}]},{"@type":"WebSite","@id":"https:\/\/hawema-haller.de\/#website","url":"https:\/\/hawema-haller.de\/","name":"Hawema Werkzeugschleifmaschinen GmbH","description":"","publisher":{"@id":"https:\/\/hawema-haller.de\/#organization"},"potentialAction":[{"@type":"SearchAction","target":{"@type":"EntryPoint","urlTemplate":"https:\/\/hawema-haller.de\/?s={search_term_string}"},"query-input":{"@type":"PropertyValueSpecification","valueRequired":true,"valueName":"search_term_string"}}],"inLanguage":"zh-Hans"},{"@type":"Organization","@id":"https:\/\/hawema-haller.de\/#organization","name":"Hawema Werkzeugschleifmaschinen GmbH","url":"https:\/\/hawema-haller.de\/","logo":{"@type":"ImageObject","inLanguage":"zh-Hans","@id":"https:\/\/hawema-haller.de\/#\/schema\/logo\/image\/","url":"https:\/\/hawema-haller.de\/wp-content\/uploads\/2022\/12\/logo-footer.svg","contentUrl":"https:\/\/hawema-haller.de\/wp-content\/uploads\/2022\/12\/logo-footer.svg","width":226,"height":212,"caption":"Hawema Werkzeugschleifmaschinen GmbH"},"image":{"@id":"https:\/\/hawema-haller.de\/#\/schema\/logo\/image\/"}}]}},"_links":{"self":[{"href":"https:\/\/hawema-haller.de\/zh-hans\/wp-json\/wp\/v2\/pages\/14555","targetHints":{"allow":["GET"]}}],"collection":[{"href":"https:\/\/hawema-haller.de\/zh-hans\/wp-json\/wp\/v2\/pages"}],"about":[{"href":"https:\/\/hawema-haller.de\/zh-hans\/wp-json\/wp\/v2\/types\/page"}],"author":[{"embeddable":true,"href":"https:\/\/hawema-haller.de\/zh-hans\/wp-json\/wp\/v2\/users\/1"}],"replies":[{"embeddable":true,"href":"https:\/\/hawema-haller.de\/zh-hans\/wp-json\/wp\/v2\/comments?post=14555"}],"version-history":[{"count":0,"href":"https:\/\/hawema-haller.de\/zh-hans\/wp-json\/wp\/v2\/pages\/14555\/revisions"}],"wp:attachment":[{"href":"https:\/\/hawema-haller.de\/zh-hans\/wp-json\/wp\/v2\/media?parent=14555"}],"curies":[{"name":"wp","href":"https:\/\/api.w.org\/{rel}","templated":true}]}}